{"id":269,"date":"2017-08-25T14:55:51","date_gmt":"2017-08-25T14:55:51","guid":{"rendered":"http:\/\/www.corporacionminera.cl\/?page_id=269"},"modified":"2025-10-04T21:49:41","modified_gmt":"2025-10-04T21:49:41","slug":"valores","status":"publish","type":"page","link":"https:\/\/corporacionminera.cl\/index.php\/valores\/","title":{"rendered":"Valores"},"content":{"rendered":"<div data-colibri-id=\"269-c1\" class=\"style-347 style-local-269-c1 position-relative\">\n  <!---->\n  <div data-colibri-component=\"section\" data-colibri-id=\"269-c2\" id=\"features\" class=\"h-section h-section-global-spacing d-flex align-items-lg-center align-items-md-center align-items-center style-361 style-local-269-c2 position-relative\">\n    <!---->\n    <!---->\n    <div class=\"h-section-grid-container h-section-boxed-container\">\n      <div data-colibri-id=\"269-c20\" class=\"h-row-container gutters-row-lg-2 gutters-row-md-2 gutters-row-0 gutters-row-v-lg-2 gutters-row-v-md-2 gutters-row-v-2 style-369 style-local-269-c20 position-relative\">\n        <!---->\n        <div class=\"h-row justify-content-lg-center justify-content-md-center justify-content-center align-items-lg-stretch align-items-md-stretch align-items-stretch gutters-col-lg-2 gutters-col-md-2 gutters-col-0 gutters-col-v-lg-2 gutters-col-v-md-2 gutters-col-v-2\">\n          <!---->\n          <div class=\"h-column h-column-container d-flex h-col-lg-auto h-col-md-auto h-col-auto style-370-outer style-local-269-c21-outer\">\n            <div data-colibri-id=\"269-c21\" class=\"d-flex h-flex-basis h-column__inner h-px-lg-2 h-px-md-2 h-px-2 v-inner-lg-2 v-inner-md-2 v-inner-2 style-370 style-local-269-c21 position-relative\">\n              <!---->\n              <!---->\n              <div class=\"w-100 h-y-container h-column__content h-column__v-align flex-basis-100 align-self-lg-start align-self-md-start align-self-start\">\n                <!---->\n                <div data-colibri-id=\"269-c22\" class=\"h-global-transition-all h-heading style-371 style-local-269-c22 position-relative h-element\">\n                  <!---->\n                  <div class=\"h-heading__outer style-371 style-local-269-c22\">\n                    <!---->\n                    <!---->\n                    <h2 class=\"\">Nuestros valores<\/h2>\n                  <\/div>\n                <\/div>\n              <\/div>\n            <\/div>\n          <\/div>\n        <\/div>\n      <\/div>\n      <div data-colibri-id=\"269-c3\" class=\"h-row-container gutters-row-lg-2 gutters-row-md-2 gutters-row-2 gutters-row-v-lg-2 gutters-row-v-md-2 gutters-row-v-2 style-362 style-local-269-c3 position-relative\">\n        <!---->\n        <div class=\"h-row justify-content-lg-center justify-content-md-center justify-content-center align-items-lg-stretch align-items-md-stretch align-items-stretch gutters-col-lg-2 gutters-col-md-2 gutters-col-2 gutters-col-v-lg-2 gutters-col-v-md-2 gutters-col-v-2\">\n          <!---->\n          <div class=\"h-column h-column-container d-flex h-col-lg-3 h-col-md-6 h-col-12 style-363-outer style-local-269-c4-outer\">\n            <div data-colibri-id=\"269-c4\" class=\"d-flex h-flex-basis h-column__inner h-px-lg-3 h-px-md-3 h-px-2 v-inner-lg-3 v-inner-md-3 v-inner-2 style-363 style-local-269-c4 position-relative\">\n              <!---->\n              <!---->\n              <div class=\"w-100 h-y-container h-column__content h-column__v-align flex-basis-100 align-self-lg-center align-self-md-center align-self-center\">\n                <!---->\n                <div data-colibri-id=\"269-c5\" class=\"h-icon style-364 style-local-269-c5 position-relative h-element\">\n                  <!----><span class=\"h-svg-icon h-icon__icon style-364-icon style-local-269-c5-icon\"><!--Icon by Icons8 Line Awesome (https:\/\/icons8.com\/line-awesome)--><svg version=\"1.1\" xmlns=\"http:\/\/www.w3.org\/2000\/svg\" xmlns:xlink=\"http:\/\/www.w3.org\/1999\/xlink\" id=\"connectdevelop\" viewBox=\"0 0 512 545.5\"><path d=\"M146.5 99h219l4.5 8 100 174.5 4.5 8-4.5 8L370 472l-4.5 8h-219l-4.5-8L42 297.5l-4.5-8 4.5-8L142 107zm39 32l25 26 73-26h-98zm146 0L223 169.5l35 36.5zm-167 1.5l-.5 1V174l30.5-11zm184.5 3l-79.5 82 57 59L391 208zm-201 26L135 184l13-4.5v-18zm58.5 14L164 191v62l23.5 25 59.5-60.5zm-58.5 21l-25.5 9-1 2L148 236v-39.5zM113 222l-38.5 67.5 38 66L148 319v-59.5zm285 2l-60.5 64 38.5 39.5zm-140 5l-59.5 61 57.5 61 59.5-63zm152.5 13.5l-20.5 99 11 11.5 36.5-63.5zm-246.5 34v26l12.5-13zm162.5 23L267 363l8.5 9H367l5.5-25.5zm-139 2L164 325v47h72l9-9zm-39.5 40L120.5 370l1.5 2h26v-30.5zm238 19l-2.5 11.5h6.5l2.5-4.5zM131 388l17 29.5V388h-17zm33 0v57.5l1 2 56-59.5h-57zm79 0l-56.5 60h138l-56-60H243zm47.5 0l56 60 7-12 10-48h-73zm89.5 0l-.5 2.5 1.5-2.5h-1z\"><\/path><\/svg><\/span><\/div>\n                <div\n                  data-colibri-id=\"269-c6\" class=\"h-global-transition-all h-heading style-365 style-local-269-c6 position-relative h-element\">\n                  <!---->\n                  <div class=\"h-heading__outer style-365 style-local-269-c6\">\n                    <!---->\n                    <!---->\n                    <h4 class=\"\">compromiso social<\/h4>\n                  <\/div>\n              <\/div>\n              <div data-colibri-id=\"269-c7\" class=\"h-text h-text-component style-366 style-local-269-c7 position-relative h-element\">\n                <!---->\n                <!---->\n                <div class=\"\">\n                  <p><span style=\"color: rgb(70, 112, 127); font-family: &quot;Open Sans&quot;; font-size: 16px; font-weight: 400;\">Promovemos acciones que contribuyen al bienestar de la comunidad y al desarrollo sostenible de la sociedad.&nbsp; &nbsp; &nbsp; &nbsp; &nbsp; &nbsp; &nbsp; &nbsp;&nbsp;<\/span><\/p>\n                <\/div>\n              <\/div>\n            <\/div>\n          <\/div>\n        <\/div>\n        <div class=\"h-column h-column-container d-flex h-col-lg-3 h-col-md-6 h-col-12 style-363-outer style-local-269-c8-outer\">\n          <div data-colibri-id=\"269-c8\" class=\"d-flex h-flex-basis h-column__inner h-px-lg-3 h-px-md-3 h-px-2 v-inner-lg-3 v-inner-md-3 v-inner-2 style-363 style-local-269-c8 position-relative\">\n            <!---->\n            <!---->\n            <div class=\"w-100 h-y-container h-column__content h-column__v-align flex-basis-100 align-self-lg-center align-self-md-center align-self-center\">\n              <!---->\n              <div data-colibri-id=\"269-c9\" class=\"h-icon style-364 style-local-269-c9 position-relative h-element\">\n                <!----><span class=\"h-svg-icon h-icon__icon style-364-icon style-local-269-c9-icon\"><!--Icon by Icons8 Line Awesome (https:\/\/icons8.com\/line-awesome)--><svg version=\"1.1\" xmlns=\"http:\/\/www.w3.org\/2000\/svg\" xmlns:xlink=\"http:\/\/www.w3.org\/1999\/xlink\" id=\"connectdevelop\" viewBox=\"0 0 512 545.5\"><path d=\"M146.5 99h219l4.5 8 100 174.5 4.5 8-4.5 8L370 472l-4.5 8h-219l-4.5-8L42 297.5l-4.5-8 4.5-8L142 107zm39 32l25 26 73-26h-98zm146 0L223 169.5l35 36.5zm-167 1.5l-.5 1V174l30.5-11zm184.5 3l-79.5 82 57 59L391 208zm-201 26L135 184l13-4.5v-18zm58.5 14L164 191v62l23.5 25 59.5-60.5zm-58.5 21l-25.5 9-1 2L148 236v-39.5zM113 222l-38.5 67.5 38 66L148 319v-59.5zm285 2l-60.5 64 38.5 39.5zm-140 5l-59.5 61 57.5 61 59.5-63zm152.5 13.5l-20.5 99 11 11.5 36.5-63.5zm-246.5 34v26l12.5-13zm162.5 23L267 363l8.5 9H367l5.5-25.5zm-139 2L164 325v47h72l9-9zm-39.5 40L120.5 370l1.5 2h26v-30.5zm238 19l-2.5 11.5h6.5l2.5-4.5zM131 388l17 29.5V388h-17zm33 0v57.5l1 2 56-59.5h-57zm79 0l-56.5 60h138l-56-60H243zm47.5 0l56 60 7-12 10-48h-73zm89.5 0l-.5 2.5 1.5-2.5h-1z\"><\/path><\/svg><\/span><\/div>\n              <div\n                data-colibri-id=\"269-c10\" class=\"h-global-transition-all h-heading style-365 style-local-269-c10 position-relative h-element\">\n                <!---->\n                <div class=\"h-heading__outer style-365 style-local-269-c10\">\n                  <!---->\n                  <!---->\n                  <h4 class=\"\">excelencia<\/h4>\n                <\/div>\n            <\/div>\n            <div data-colibri-id=\"269-c11\" class=\"h-text h-text-component style-366 style-local-269-c11 position-relative h-element\">\n              <!---->\n              <!---->\n              <div class=\"\">\n                <p><span style=\"color: rgb(70, 112, 127); font-family: &quot;Open Sans&quot;; font-size: 16px; font-weight: 400;\">Buscamos la calidad m\u00e1xima en nuestro trabajo, educaci\u00f3n y servicios, superando est\u00e1ndares y expectativas.<\/span><\/p>\n              <\/div>\n            <\/div>\n          <\/div>\n        <\/div>\n      <\/div>\n      <div class=\"h-column h-column-container d-flex h-col-lg-3 h-col-md-6 h-col-12 style-363-outer style-local-269-c12-outer\">\n        <div data-colibri-id=\"269-c12\" class=\"d-flex h-flex-basis h-column__inner h-px-lg-3 h-px-md-3 h-px-2 v-inner-lg-3 v-inner-md-3 v-inner-2 style-363 style-local-269-c12 position-relative\">\n          <!---->\n          <!---->\n          <div class=\"w-100 h-y-container h-column__content h-column__v-align flex-basis-100 align-self-lg-center align-self-md-center align-self-center\">\n            <!---->\n            <div data-colibri-id=\"269-c13\" class=\"h-icon style-364 style-local-269-c13 position-relative h-element\">\n              <!----><span class=\"h-svg-icon h-icon__icon style-364-icon style-local-269-c13-icon\"><!--Icon by Icons8 Line Awesome (https:\/\/icons8.com\/line-awesome)--><svg version=\"1.1\" xmlns=\"http:\/\/www.w3.org\/2000\/svg\" xmlns:xlink=\"http:\/\/www.w3.org\/1999\/xlink\" id=\"connectdevelop\" viewBox=\"0 0 512 545.5\"><path d=\"M146.5 99h219l4.5 8 100 174.5 4.5 8-4.5 8L370 472l-4.5 8h-219l-4.5-8L42 297.5l-4.5-8 4.5-8L142 107zm39 32l25 26 73-26h-98zm146 0L223 169.5l35 36.5zm-167 1.5l-.5 1V174l30.5-11zm184.5 3l-79.5 82 57 59L391 208zm-201 26L135 184l13-4.5v-18zm58.5 14L164 191v62l23.5 25 59.5-60.5zm-58.5 21l-25.5 9-1 2L148 236v-39.5zM113 222l-38.5 67.5 38 66L148 319v-59.5zm285 2l-60.5 64 38.5 39.5zm-140 5l-59.5 61 57.5 61 59.5-63zm152.5 13.5l-20.5 99 11 11.5 36.5-63.5zm-246.5 34v26l12.5-13zm162.5 23L267 363l8.5 9H367l5.5-25.5zm-139 2L164 325v47h72l9-9zm-39.5 40L120.5 370l1.5 2h26v-30.5zm238 19l-2.5 11.5h6.5l2.5-4.5zM131 388l17 29.5V388h-17zm33 0v57.5l1 2 56-59.5h-57zm79 0l-56.5 60h138l-56-60H243zm47.5 0l56 60 7-12 10-48h-73zm89.5 0l-.5 2.5 1.5-2.5h-1z\"><\/path><\/svg><\/span><\/div>\n            <div\n              data-colibri-id=\"269-c14\" class=\"h-global-transition-all h-heading style-365 style-local-269-c14 position-relative h-element\">\n              <!---->\n              <div class=\"h-heading__outer style-365 style-local-269-c14\">\n                <!---->\n                <!---->\n                <h4 class=\"\">liderazgo<\/h4>\n              <\/div>\n          <\/div>\n          <div data-colibri-id=\"269-c15\" class=\"h-text h-text-component style-366 style-local-269-c15 position-relative h-element\">\n            <!---->\n            <!---->\n            <div class=\"\">\n              <p><span style=\"font-weight: 400; font-size: 16px; font-family: &quot;Open Sans&quot;; color: rgb(70, 112, 127);\">Fomentamos la capacidad de inspirar, guiar y motivar a otros hacia objetivos comunes con responsabilidad y visi\u00f3n.<\/span><\/p>\n            <\/div>\n          <\/div>\n        <\/div>\n      <\/div>\n    <\/div>\n    <div class=\"h-column h-column-container d-flex h-col-lg-3 h-col-md-6 h-col-12 style-363-outer style-local-269-c16-outer\">\n      <div data-colibri-id=\"269-c16\" class=\"d-flex h-flex-basis h-column__inner h-px-lg-3 h-px-md-3 h-px-2 v-inner-lg-3 v-inner-md-3 v-inner-2 style-363 style-local-269-c16 position-relative\">\n        <!---->\n        <!---->\n        <div class=\"w-100 h-y-container h-column__content h-column__v-align flex-basis-100 align-self-lg-center align-self-md-center align-self-center\">\n          <!---->\n          <div data-colibri-id=\"269-c17\" class=\"h-icon style-364 style-local-269-c17 position-relative h-element\">\n            <!----><span class=\"h-svg-icon h-icon__icon style-364-icon style-local-269-c17-icon\"><!--Icon by Icons8 Line Awesome (https:\/\/icons8.com\/line-awesome)--><svg version=\"1.1\" xmlns=\"http:\/\/www.w3.org\/2000\/svg\" xmlns:xlink=\"http:\/\/www.w3.org\/1999\/xlink\" id=\"connectdevelop\" viewBox=\"0 0 512 545.5\"><path d=\"M146.5 99h219l4.5 8 100 174.5 4.5 8-4.5 8L370 472l-4.5 8h-219l-4.5-8L42 297.5l-4.5-8 4.5-8L142 107zm39 32l25 26 73-26h-98zm146 0L223 169.5l35 36.5zm-167 1.5l-.5 1V174l30.5-11zm184.5 3l-79.5 82 57 59L391 208zm-201 26L135 184l13-4.5v-18zm58.5 14L164 191v62l23.5 25 59.5-60.5zm-58.5 21l-25.5 9-1 2L148 236v-39.5zM113 222l-38.5 67.5 38 66L148 319v-59.5zm285 2l-60.5 64 38.5 39.5zm-140 5l-59.5 61 57.5 61 59.5-63zm152.5 13.5l-20.5 99 11 11.5 36.5-63.5zm-246.5 34v26l12.5-13zm162.5 23L267 363l8.5 9H367l5.5-25.5zm-139 2L164 325v47h72l9-9zm-39.5 40L120.5 370l1.5 2h26v-30.5zm238 19l-2.5 11.5h6.5l2.5-4.5zM131 388l17 29.5V388h-17zm33 0v57.5l1 2 56-59.5h-57zm79 0l-56.5 60h138l-56-60H243zm47.5 0l56 60 7-12 10-48h-73zm89.5 0l-.5 2.5 1.5-2.5h-1z\"><\/path><\/svg><\/span><\/div>\n          <div\n            data-colibri-id=\"269-c18\" class=\"h-global-transition-all h-heading style-365 style-local-269-c18 position-relative h-element\">\n            <!---->\n            <div class=\"h-heading__outer style-365 style-local-269-c18\">\n              <!---->\n              <!---->\n              <h4 class=\"\">respeto<\/h4>\n            <\/div>\n        <\/div>\n        <div data-colibri-id=\"269-c19\" class=\"h-text h-text-component style-366 style-local-269-c19 position-relative h-element\">\n          <!---->\n          <!---->\n          <div class=\"\">\n            <p>Valoramos la dignidad de todas las personas, promoviendo la convivencia armoniosa, la diversidad y la inclusi\u00f3n.<\/p>\n          <\/div>\n        <\/div>\n      <\/div>\n    <\/div>\n  <\/div>\n<\/div>\n<\/div>\n<\/div>\n<\/div>\n<div data-colibri-component=\"section\" data-colibri-id=\"269-c23\" id=\"features-2\" class=\"h-section h-section-global-spacing d-flex align-items-lg-center align-items-md-center align-items-center style-381 style-local-269-c23 position-relative\">\n  <!---->\n  <!---->\n  <div class=\"h-section-grid-container h-section-boxed-container\">\n    <!---->\n    <div data-colibri-id=\"269-c24\" class=\"h-row-container gutters-row-lg-2 gutters-row-md-2 gutters-row-2 gutters-row-v-lg-2 gutters-row-v-md-2 gutters-row-v-2 style-382 style-local-269-c24 position-relative\">\n      <!---->\n      <div class=\"h-row justify-content-lg-center justify-content-md-center justify-content-center align-items-lg-stretch align-items-md-stretch align-items-stretch gutters-col-lg-2 gutters-col-md-2 gutters-col-2 gutters-col-v-lg-2 gutters-col-v-md-2 gutters-col-v-2\">\n        <!---->\n        <div class=\"h-column h-column-container d-flex h-col-lg-3 h-col-md-6 h-col-12 style-383-outer style-local-269-c25-outer\">\n          <div data-colibri-id=\"269-c25\" class=\"d-flex h-flex-basis h-column__inner h-px-lg-3 h-px-md-3 h-px-2 v-inner-lg-3 v-inner-md-3 v-inner-2 style-383 style-local-269-c25 position-relative\">\n            <!---->\n            <!---->\n            <div class=\"w-100 h-y-container h-column__content h-column__v-align flex-basis-100 align-self-lg-center align-self-md-center align-self-center\">\n              <!---->\n              <div data-colibri-id=\"269-c26\" class=\"h-icon style-384 style-local-269-c26 position-relative h-element\">\n                <!----><span class=\"h-svg-icon h-icon__icon style-384-icon style-local-269-c26-icon\"><!--Icon by Icons8 Line Awesome (https:\/\/icons8.com\/line-awesome)--><svg version=\"1.1\" xmlns=\"http:\/\/www.w3.org\/2000\/svg\" xmlns:xlink=\"http:\/\/www.w3.org\/1999\/xlink\" id=\"connectdevelop\" viewBox=\"0 0 512 545.5\"><path d=\"M146.5 99h219l4.5 8 100 174.5 4.5 8-4.5 8L370 472l-4.5 8h-219l-4.5-8L42 297.5l-4.5-8 4.5-8L142 107zm39 32l25 26 73-26h-98zm146 0L223 169.5l35 36.5zm-167 1.5l-.5 1V174l30.5-11zm184.5 3l-79.5 82 57 59L391 208zm-201 26L135 184l13-4.5v-18zm58.5 14L164 191v62l23.5 25 59.5-60.5zm-58.5 21l-25.5 9-1 2L148 236v-39.5zM113 222l-38.5 67.5 38 66L148 319v-59.5zm285 2l-60.5 64 38.5 39.5zm-140 5l-59.5 61 57.5 61 59.5-63zm152.5 13.5l-20.5 99 11 11.5 36.5-63.5zm-246.5 34v26l12.5-13zm162.5 23L267 363l8.5 9H367l5.5-25.5zm-139 2L164 325v47h72l9-9zm-39.5 40L120.5 370l1.5 2h26v-30.5zm238 19l-2.5 11.5h6.5l2.5-4.5zM131 388l17 29.5V388h-17zm33 0v57.5l1 2 56-59.5h-57zm79 0l-56.5 60h138l-56-60H243zm47.5 0l56 60 7-12 10-48h-73zm89.5 0l-.5 2.5 1.5-2.5h-1z\"><\/path><\/svg><\/span><\/div>\n              <div\n                data-colibri-id=\"269-c27\" class=\"h-global-transition-all h-heading style-385 style-local-269-c27 position-relative h-element\">\n                <!---->\n                <div class=\"h-heading__outer style-385 style-local-269-c27\">\n                  <!---->\n                  <!---->\n                  <h4 class=\"\">integridad<\/h4>\n                <\/div>\n            <\/div>\n            <div data-colibri-id=\"269-c28\" class=\"h-text h-text-component style-386 style-local-269-c28 position-relative h-element\">\n              <!---->\n              <!---->\n              <div class=\"\">\n                <p><span style=\"font-weight: 400; font-size: 16px; font-family: &quot;Open Sans&quot;; color: rgb(70, 112, 127);\">Actuamos con honestidad, coherencia y \u00e9tica en todas nuestras decisiones y acciones.<\/span><\/p>\n              <\/div>\n            <\/div>\n          <\/div>\n        <\/div>\n      <\/div>\n      <div class=\"h-column h-column-container d-flex h-col-lg-3 h-col-md-6 h-col-12 style-383-outer style-local-269-c29-outer\">\n        <div data-colibri-id=\"269-c29\" class=\"d-flex h-flex-basis h-column__inner h-px-lg-3 h-px-md-3 h-px-2 v-inner-lg-3 v-inner-md-3 v-inner-2 style-383 style-local-269-c29 position-relative\">\n          <!---->\n          <!---->\n          <div class=\"w-100 h-y-container h-column__content h-column__v-align flex-basis-100 align-self-lg-center align-self-md-center align-self-center\">\n            <!---->\n            <div data-colibri-id=\"269-c30\" class=\"h-icon style-384 style-local-269-c30 position-relative h-element\">\n              <!----><span class=\"h-svg-icon h-icon__icon style-384-icon style-local-269-c30-icon\"><!--Icon by Icons8 Line Awesome (https:\/\/icons8.com\/line-awesome)--><svg version=\"1.1\" xmlns=\"http:\/\/www.w3.org\/2000\/svg\" xmlns:xlink=\"http:\/\/www.w3.org\/1999\/xlink\" id=\"connectdevelop\" viewBox=\"0 0 512 545.5\"><path d=\"M146.5 99h219l4.5 8 100 174.5 4.5 8-4.5 8L370 472l-4.5 8h-219l-4.5-8L42 297.5l-4.5-8 4.5-8L142 107zm39 32l25 26 73-26h-98zm146 0L223 169.5l35 36.5zm-167 1.5l-.5 1V174l30.5-11zm184.5 3l-79.5 82 57 59L391 208zm-201 26L135 184l13-4.5v-18zm58.5 14L164 191v62l23.5 25 59.5-60.5zm-58.5 21l-25.5 9-1 2L148 236v-39.5zM113 222l-38.5 67.5 38 66L148 319v-59.5zm285 2l-60.5 64 38.5 39.5zm-140 5l-59.5 61 57.5 61 59.5-63zm152.5 13.5l-20.5 99 11 11.5 36.5-63.5zm-246.5 34v26l12.5-13zm162.5 23L267 363l8.5 9H367l5.5-25.5zm-139 2L164 325v47h72l9-9zm-39.5 40L120.5 370l1.5 2h26v-30.5zm238 19l-2.5 11.5h6.5l2.5-4.5zM131 388l17 29.5V388h-17zm33 0v57.5l1 2 56-59.5h-57zm79 0l-56.5 60h138l-56-60H243zm47.5 0l56 60 7-12 10-48h-73zm89.5 0l-.5 2.5 1.5-2.5h-1z\"><\/path><\/svg><\/span><\/div>\n            <div\n              data-colibri-id=\"269-c31\" class=\"h-global-transition-all h-heading style-385 style-local-269-c31 position-relative h-element\">\n              <!---->\n              <div class=\"h-heading__outer style-385 style-local-269-c31\">\n                <!---->\n                <!---->\n                <h4 class=\"\">transparencia<\/h4>\n              <\/div>\n          <\/div>\n          <div data-colibri-id=\"269-c32\" class=\"h-text h-text-component style-386 style-local-269-c32 position-relative h-element\">\n            <!---->\n            <!---->\n            <div class=\"\">\n              <p><span style=\"font-weight: 400; font-size: 16px; font-family: &quot;Open Sans&quot;; color: rgb(70, 112, 127);\">Mantenemos claridad y apertura en nuestros procesos, comunicando de manera responsable y accesible.<\/span><\/p>\n            <\/div>\n          <\/div>\n        <\/div>\n      <\/div>\n    <\/div>\n  <\/div>\n<\/div>\n<\/div>\n<\/div>\n<\/div>","protected":false},"excerpt":{"rendered":"<p>Nuestros valores compromiso social Promovemos acciones que contribuyen al bienestar de la comunidad y al desarrollo sostenible de la sociedad.&nbsp; &nbsp; &nbsp; &nbsp; &nbsp; &nbsp; &nbsp; &nbsp;&nbsp; excelencia Buscamos la calidad m\u00e1xima en nuestro trabajo, educaci\u00f3n y servicios, superando est\u00e1ndares y expectativas. liderazgo Fomentamos la capacidad de inspirar, guiar y motivar a otros hacia objetivos [&hellip;]<\/p>\n","protected":false},"author":1,"featured_media":0,"parent":0,"menu_order":0,"comment_status":"closed","ping_status":"closed","template":"page-templates\/full-width-page.php","meta":{"footnotes":""},"class_list":["post-269","page","type-page","status-publish","hentry"],"_links":{"self":[{"href":"https:\/\/corporacionminera.cl\/index.php\/wp-json\/wp\/v2\/pages\/269","targetHints":{"allow":["GET"]}}],"collection":[{"href":"https:\/\/corporacionminera.cl\/index.php\/wp-json\/wp\/v2\/pages"}],"about":[{"href":"https:\/\/corporacionminera.cl\/index.php\/wp-json\/wp\/v2\/types\/page"}],"author":[{"embeddable":true,"href":"https:\/\/corporacionminera.cl\/index.php\/wp-json\/wp\/v2\/users\/1"}],"replies":[{"embeddable":true,"href":"https:\/\/corporacionminera.cl\/index.php\/wp-json\/wp\/v2\/comments?post=269"}],"version-history":[{"count":5,"href":"https:\/\/corporacionminera.cl\/index.php\/wp-json\/wp\/v2\/pages\/269\/revisions"}],"predecessor-version":[{"id":837,"href":"https:\/\/corporacionminera.cl\/index.php\/wp-json\/wp\/v2\/pages\/269\/revisions\/837"}],"wp:attachment":[{"href":"https:\/\/corporacionminera.cl\/index.php\/wp-json\/wp\/v2\/media?parent=269"}],"curies":[{"name":"wp","href":"https:\/\/api.w.org\/{rel}","templated":true}]}}