{"id":174,"date":"2016-03-07T15:35:30","date_gmt":"2016-03-07T15:35:30","guid":{"rendered":"http:\/\/localhost\/?page_id=174"},"modified":"2016-03-15T15:20:50","modified_gmt":"2016-03-15T15:20:50","slug":"la-voz-de-ex-alumnos","status":"publish","type":"page","link":"https:\/\/corporacionminera.cl\/index.php\/la-voz-de-ex-alumnos\/","title":{"rendered":"La voz de ex alumnos"},"content":{"rendered":"<h4><strong>Alexis Espinoza <\/strong>(Generaci\u00f3n 2006)<\/h4>\n<p><strong><img fetchpriority=\"high\" decoding=\"async\" class=\"alignright size-medium wp-image-175\" src=\"\/wp-content\/uploads\/2016\/03\/6-300x190.jpg\" alt=\"6\" width=\"300\" height=\"190\" srcset=\"https:\/\/corporacionminera.cl\/wp-content\/uploads\/2016\/03\/6-300x190.jpg 300w, https:\/\/corporacionminera.cl\/wp-content\/uploads\/2016\/03\/6-230x146.jpg 230w, https:\/\/corporacionminera.cl\/wp-content\/uploads\/2016\/03\/6-50x32.jpg 50w, https:\/\/corporacionminera.cl\/wp-content\/uploads\/2016\/03\/6-118x75.jpg 118w, https:\/\/corporacionminera.cl\/wp-content\/uploads\/2016\/03\/6.jpg 478w\" sizes=\"(max-width: 300px) 100vw, 300px\" \/>Cargo:<\/strong> Asesor Pos Ventas TME. De Atlas Copco<\/p>\n<p style=\"text-align: justify;\">En el a\u00f1o 2002 ingrese a 1\u00bamedio al Liceo Ignacio Domeyko, desde ese momento comienza mi preparaci\u00f3n t\u00e9cnica en la que supere dificultades, y cumpl\u00ed metas personales. Luego segu\u00ed con la especialidad de Mec\u00e1nica Industrial, la que pienso hoy en d\u00eda \u201cfue la mejor decisi\u00f3n\u201d Egrese en la generaci\u00f3n 2006 a cargo del Profesor Julio Guajardo, en el mes de enero del 2007 comienzo mi practica en Atlas Copco, al terminar el periodo de la pr\u00e1ctica me dieron la opci\u00f3n de extender este proceso unos meses m\u00e1s a lo que yo acced\u00ed, as\u00ed comenc\u00e9 a formar parte del equipo Atlas Copco. En el que ya llevo 9 a\u00f1os.<\/p>\n<p style=\"text-align: justify;\">Hoy en d\u00eda tengo el cargo de Asesor Pos Venta TME, as\u00ed genero la confianza del Cliente y podemos llegar a ser la primera opci\u00f3n de compra, entregando un servicio de calidad, tambi\u00e9n realizo capacitaciones operacionales a Personal de Mantenci\u00f3n, impartiendo tecnolog\u00eda de \u00faltima generaci\u00f3n implementada por ACC, esto conlleva a un desarrollo constante de informaci\u00f3n y actualizaci\u00f3n de procedimientos a nivel Nacional.<\/p>\n<p style=\"text-align: justify;\">\u201cLo \u00fanico que me queda por decirles es que sean perseverantes, tengan objetivos claros y luchen para que estos se realicen. Saquen el mayor provecho a sus profesores los cuales tienen un nivel de profesionalismo admirable. Hoy en d\u00eda El mercado est\u00e1 muy competitivo, raz\u00f3n por la que deben siempre ser el mejor en lo que hacen y aprovechen cada oportunidad que les entrega el Liceo Ignacio Domeyko\u201d.<\/p>\n<p>Un saludo cordial<br \/>\n<strong>Alexis Espinoza C.<br \/>\nAsesor Post Venta<br \/>\nAtlas Copco Chilena S.A.C<br \/>\nMining &amp; Rock Excavation Service<\/strong><\/p>\n<hr \/>\n<h4><strong>David Narvaez<\/strong> (Generaci\u00f3n 208)<\/h4>\n<p><img decoding=\"async\" class=\"alignright size-full wp-image-179\" src=\"\/wp-content\/uploads\/2016\/03\/8.jpg\" alt=\"8\" width=\"160\" height=\"160\" srcset=\"https:\/\/corporacionminera.cl\/wp-content\/uploads\/2016\/03\/8.jpg 160w, https:\/\/corporacionminera.cl\/wp-content\/uploads\/2016\/03\/8-150x150.jpg 150w, https:\/\/corporacionminera.cl\/wp-content\/uploads\/2016\/03\/8-146x146.jpg 146w, https:\/\/corporacionminera.cl\/wp-content\/uploads\/2016\/03\/8-50x50.jpg 50w, https:\/\/corporacionminera.cl\/wp-content\/uploads\/2016\/03\/8-75x75.jpg 75w, https:\/\/corporacionminera.cl\/wp-content\/uploads\/2016\/03\/8-85x85.jpg 85w, https:\/\/corporacionminera.cl\/wp-content\/uploads\/2016\/03\/8-80x80.jpg 80w\" sizes=\"(max-width: 160px) 100vw, 160px\" \/><\/p>\n<p style=\"text-align: justify;\">En el a\u00f1o 2008 egres\u00e9 del liceo con una mochila cargada de sue\u00f1os e ilusiones los cuales me propuse concretar con perseverancia, esfuerzo y lo m\u00e1s importante con las herramientas que me entreg\u00f3 esta instituci\u00f3n llamada Ignacio Domeyko.<\/p>\n<p style=\"text-align: justify;\">El camino no fue f\u00e1cil durante el proceso formativo pero todo lo vivido vali\u00f3 la pena. Hoy me encuentro trabajando en una de las empresas m\u00e1s importantes del mundo como lo es Atlas Copco en donde tuve la oportunidad de realizar mi pr\u00e1ctica profesional de Mec\u00e1nica Industrial y al cabo de unos meses quedar contratado en el \u00e1rea de Servicio T\u00e9cnico, en la actualidad estoy a cargo del control de recursos, recepci\u00f3n y despacho de maquinaria. Adem\u00e1s estoy estudiando la carrera de Ingenier\u00eda Mec\u00e1nica en Mantenimiento Industrial en la Universidad Tecnol\u00f3gica de Chile INACAP cursando actualmente 2 a\u00f1os. Quiero expresar mi gratitud al liceo que me ayud\u00f3 en momentos dif\u00edciles de mi vida, \u00a0en donde pude percibir la gran calidad profesional y humana de quienes conforman esta gran comunidad educativa.<\/p>\n<p style=\"text-align: justify;\"><em>\u00a0\u201cTodo es posible en la medida que t\u00fa creas que es posible\u201d<\/em> Arturo Orantes.<\/p>\n<p><strong>David Narvaez<br \/>\nAtlas Copco Chilena S.A.C.<br \/>\nMining &amp; Rock Excavation Service<\/strong><\/p>\n","protected":false},"excerpt":{"rendered":"<p>Alexis Espinoza (Generaci\u00f3n 2006) Cargo: Asesor Pos Ventas TME. De Atlas Copco En el a\u00f1o 2002 ingrese a 1\u00bamedio al Liceo Ignacio Domeyko, desde ese momento comienza mi preparaci\u00f3n t\u00e9cnica en la que supere dificultades, y cumpl\u00ed metas personales. Luego segu\u00ed con la especialidad de Mec\u00e1nica Industrial, la que pienso hoy en d\u00eda \u201cfue la [&hellip;]<\/p>\n","protected":false},"author":1,"featured_media":0,"parent":0,"menu_order":0,"comment_status":"closed","ping_status":"closed","template":"","meta":{"footnotes":""},"class_list":["post-174","page","type-page","status-publish","hentry"],"_links":{"self":[{"href":"https:\/\/corporacionminera.cl\/index.php\/wp-json\/wp\/v2\/pages\/174","targetHints":{"allow":["GET"]}}],"collection":[{"href":"https:\/\/corporacionminera.cl\/index.php\/wp-json\/wp\/v2\/pages"}],"about":[{"href":"https:\/\/corporacionminera.cl\/index.php\/wp-json\/wp\/v2\/types\/page"}],"author":[{"embeddable":true,"href":"https:\/\/corporacionminera.cl\/index.php\/wp-json\/wp\/v2\/users\/1"}],"replies":[{"embeddable":true,"href":"https:\/\/corporacionminera.cl\/index.php\/wp-json\/wp\/v2\/comments?post=174"}],"version-history":[{"count":6,"href":"https:\/\/corporacionminera.cl\/index.php\/wp-json\/wp\/v2\/pages\/174\/revisions"}],"predecessor-version":[{"id":251,"href":"https:\/\/corporacionminera.cl\/index.php\/wp-json\/wp\/v2\/pages\/174\/revisions\/251"}],"wp:attachment":[{"href":"https:\/\/corporacionminera.cl\/index.php\/wp-json\/wp\/v2\/media?parent=174"}],"curies":[{"name":"wp","href":"https:\/\/api.w.org\/{rel}","templated":true}]}}