{"id":151,"date":"2016-03-07T15:06:36","date_gmt":"2016-03-07T15:06:36","guid":{"rendered":"http:\/\/localhost\/?page_id=151"},"modified":"2025-10-05T15:13:46","modified_gmt":"2025-10-05T15:13:46","slug":"historia","status":"publish","type":"page","link":"https:\/\/corporacionminera.cl\/index.php\/historia\/","title":{"rendered":"Historia"},"content":{"rendered":"<div data-colibri-id=\"151-c1\" class=\"style-194 style-local-151-c1 position-relative\">\n  <!---->\n  <div data-colibri-component=\"section\" data-colibri-id=\"151-c2\" id=\"custom\" class=\"h-section h-section-global-spacing d-flex align-items-lg-center align-items-md-center align-items-center style-200 style-local-151-c2 position-relative\">\n    <!---->\n    <!---->\n    <div class=\"h-section-grid-container h-section-boxed-container\">\n      <!---->\n      <div data-colibri-id=\"151-c3\" class=\"h-row-container gutters-row-lg-2 gutters-row-md-2 gutters-row-0 gutters-row-v-lg-2 gutters-row-v-md-2 gutters-row-v-2 style-328 style-local-151-c3 position-relative\">\n        <!---->\n        <div class=\"h-row justify-content-lg-center justify-content-md-center justify-content-center align-items-lg-stretch align-items-md-stretch align-items-stretch gutters-col-lg-2 gutters-col-md-2 gutters-col-0 gutters-col-v-lg-2 gutters-col-v-md-2 gutters-col-v-2\">\n          <!---->\n          <div class=\"h-column h-column-container d-flex h-col-lg-auto h-col-md-auto h-col-auto style-329-outer style-local-151-c4-outer\">\n            <div data-colibri-id=\"151-c4\" class=\"d-flex h-flex-basis h-column__inner h-px-lg-2 h-px-md-2 h-px-2 v-inner-lg-2 v-inner-md-2 v-inner-2 style-329 style-local-151-c4 position-relative\">\n              <!---->\n              <!---->\n              <div class=\"w-100 h-y-container h-column__content h-column__v-align flex-basis-100 align-self-lg-start align-self-md-start align-self-start\">\n                <!---->\n                <div data-colibri-id=\"151-c5\" class=\"d-block style-331 style-local-151-c5 position-relative h-element\">\n                  <!---->\n                  <div class=\"h-image__frame-container-outer\">\n                    <div class=\"h-image__frame-container\">\n                      <!---->\n                      <!---->\n                      <img fetchpriority=\"high\" decoding=\"async\" width=\"225\" height=\"225\" src=\"https:\/\/corporacionminera.cl\/wp-content\/uploads\/2025\/09\/cropped-5eace340d4b9a9b008fcd928433f4415_fit.jpg\" class=\"wp-image-495 style-331-image style-local-151-c5-image\" alt=\"\" srcset=\"https:\/\/corporacionminera.cl\/wp-content\/uploads\/2025\/09\/cropped-5eace340d4b9a9b008fcd928433f4415_fit.jpg 225w, https:\/\/corporacionminera.cl\/wp-content\/uploads\/2025\/09\/cropped-5eace340d4b9a9b008fcd928433f4415_fit-150x150.jpg 150w\" sizes=\"(max-width: 225px) 100vw, 225px\" \/>\n                      <div class=\"h-image__frame h-hide-lg h-hide-md h-hide-sm style-331-frameImage style-local-151-c5-frameImage\"><\/div>\n                    <\/div>\n                  <\/div>\n                <\/div>\n              <\/div>\n            <\/div>\n          <\/div>\n        <\/div>\n      <\/div>\n      <div data-colibri-id=\"151-c6\" class=\"h-row-container gutters-row-lg-2 gutters-row-md-2 gutters-row-0 gutters-row-v-lg-2 gutters-row-v-md-2 gutters-row-v-2 style-201 style-local-151-c6 position-relative\">\n        <!---->\n        <div class=\"h-row justify-content-lg-center justify-content-md-center justify-content-center align-items-lg-stretch align-items-md-stretch align-items-stretch gutters-col-lg-2 gutters-col-md-2 gutters-col-0 gutters-col-v-lg-2 gutters-col-v-md-2 gutters-col-v-2\">\n          <!---->\n          <div class=\"h-column h-column-container d-flex h-col-lg-auto h-col-md-auto h-col-auto style-202-outer style-local-151-c7-outer\">\n            <div data-colibri-id=\"151-c7\" class=\"d-flex h-flex-basis h-column__inner h-px-lg-2 h-px-md-2 h-px-2 v-inner-lg-2 v-inner-md-2 v-inner-2 style-202 style-local-151-c7 position-relative\">\n              <!---->\n              <!---->\n              <div class=\"w-100 h-y-container h-column__content h-column__v-align flex-basis-100 align-self-lg-start align-self-md-start align-self-start\">\n                <!---->\n                <div data-colibri-id=\"151-c8\" class=\"h-text h-text-component style-203 style-local-151-c8 position-relative h-element\">\n                  <!---->\n                  <!---->\n                  <div class=\"\">\n                    <p>La Corporaci\u00f3n de Capacitaci\u00f3n y Educaci\u00f3n Industrial y Minera (CCEIM) es una instituci\u00f3n chilena sin fines de lucro dedicada a la formaci\u00f3n t\u00e9cnica y profesional en las \u00e1reas industrial y minera. Su origen se remonta a 1988, cuando\n                      un grupo de exalumnos de la Escuela de Minas de La Serena fund\u00f3 la corporaci\u00f3n para responder a la creciente demanda de profesionales calificados en el sector.&nbsp;<\/p>\n                    <p>En 1990, la corporaci\u00f3n asumi\u00f3 la administraci\u00f3n del Liceo Industrial y de Minas Ignacio Domeyko, ubicado en Recoleta, Santiago. Este liceo, fundado en 1962, ha sido un referente en la formaci\u00f3n de t\u00e9cnicos para la industria minera\n                      y energ\u00e9tica del pa\u00eds.<\/p>\n                    <p>A lo largo de los a\u00f1os, la CCEIM ha ampliado su oferta educativa, incorporando programas de formaci\u00f3n continua, acreditaci\u00f3n de competencias laborales y capacitaci\u00f3n para empresas. Su objetivo es contribuir al desarrollo del pa\u00eds mediante\n                      la preparaci\u00f3n de personal altamente calificado, adaptado a las necesidades del mundo laboral actual.&nbsp;<\/p>\n                    <p>La instituci\u00f3n tambi\u00e9n ha establecido alianzas con diversas empresas del sector minero, como Minera Escondida y Gold Fields, para desarrollar programas de formaci\u00f3n especializados.<\/p>\n                    <p>En resumen, la CCEIM es una entidad comprometida con la educaci\u00f3n t\u00e9cnico-profesional, enfocada en formar profesionales competentes que contribuyan al desarrollo de la industria minera y energ\u00e9tica de Chile.<\/p>\n                    <p>\n                      <br>\n                    <\/p>\n                    <p>\n                      <br>\n                    <\/p>\n                  <\/div>\n                <\/div>\n              <\/div>\n            <\/div>\n          <\/div>\n        <\/div>\n      <\/div>\n    <\/div>\n  <\/div>\n  <div data-colibri-component=\"section\" data-colibri-id=\"151-c9\" id=\"custom-2\" class=\"h-section h-section-global-spacing d-flex align-items-lg-center align-items-md-center align-items-center style-205 style-local-151-c9 position-relative\">\n    <!---->\n    <!---->\n    <div class=\"h-section-grid-container h-section-boxed-container\">\n      <!---->\n      <div data-colibri-id=\"151-c10\" class=\"h-row-container gutters-row-lg-2 gutters-row-md-2 gutters-row-0 gutters-row-v-lg-2 gutters-row-v-md-2 gutters-row-v-2 style-454 style-local-151-c10 position-relative\">\n        <!---->\n        <div class=\"h-row justify-content-lg-center justify-content-md-center justify-content-center align-items-lg-stretch align-items-md-stretch align-items-stretch gutters-col-lg-2 gutters-col-md-2 gutters-col-0 gutters-col-v-lg-2 gutters-col-v-md-2 gutters-col-v-2\">\n          <!---->\n          <div class=\"h-column h-column-container d-flex h-col-lg-auto h-col-md-auto h-col-auto style-455-outer style-local-151-c11-outer\">\n            <div data-colibri-id=\"151-c11\" class=\"d-flex h-flex-basis h-column__inner h-px-lg-2 h-px-md-2 h-px-2 v-inner-lg-2 v-inner-md-2 v-inner-2 style-455 style-local-151-c11 position-relative\">\n              <!---->\n              <!---->\n              <div class=\"w-100 h-y-container h-column__content h-column__v-align flex-basis-100 align-self-lg-start align-self-md-start align-self-start\">\n                <!---->\n                <div data-colibri-id=\"151-c12\" class=\"d-block style-457 style-local-151-c12 position-relative h-element\">\n                  <!---->\n                  <div class=\"h-image__frame-container-outer\">\n                    <div class=\"h-image__frame-container\">\n                      <!---->\n                      <!---->\n                      <img decoding=\"async\" width=\"585\" height=\"806\" src=\"https:\/\/corporacionminera.cl\/wp-content\/uploads\/2025\/09\/cropped-sin-fondo.png\" class=\"wp-image-550 style-457-image style-local-151-c12-image\" alt=\"\" srcset=\"https:\/\/corporacionminera.cl\/wp-content\/uploads\/2025\/09\/cropped-sin-fondo.png 585w, https:\/\/corporacionminera.cl\/wp-content\/uploads\/2025\/09\/cropped-sin-fondo-218x300.png 218w\" sizes=\"(max-width: 585px) 100vw, 585px\" \/>\n                      <div class=\"h-image__frame h-hide-lg h-hide-md h-hide-sm style-457-frameImage style-local-151-c12-frameImage\"><\/div>\n                    <\/div>\n                  <\/div>\n                <\/div>\n              <\/div>\n            <\/div>\n          <\/div>\n          <div class=\"h-column h-column-container d-flex h-col-lg-auto h-col-md-auto h-col-auto style-456-outer style-local-151-c13-outer\">\n            <div data-colibri-id=\"151-c13\" class=\"d-flex h-flex-basis h-column__inner h-px-lg-2 h-px-md-2 h-px-2 v-inner-lg-2 v-inner-md-2 v-inner-2 style-456 style-local-151-c13 position-relative\">\n              <!---->\n              <!---->\n              <div class=\"w-100 h-y-container h-column__content h-column__v-align flex-basis-100 align-self-lg-start align-self-md-start align-self-start\">\n                <!---->\n                <div data-colibri-id=\"151-c14\" class=\"d-block style-458 style-local-151-c14 position-relative h-element\">\n                  <!---->\n                  <div class=\"h-image__frame-container-outer\">\n                    <div class=\"h-image__frame-container\">\n                      <!---->\n                      <!---->\n                      <img decoding=\"async\" width=\"1049\" height=\"1277\" src=\"https:\/\/corporacionminera.cl\/wp-content\/uploads\/2025\/09\/PNG-impresion-1.png\" class=\"wp-image-551 style-458-image style-local-151-c14-image\" alt=\"\" srcset=\"https:\/\/corporacionminera.cl\/wp-content\/uploads\/2025\/09\/PNG-impresion-1.png 1049w, https:\/\/corporacionminera.cl\/wp-content\/uploads\/2025\/09\/PNG-impresion-1-246x300.png 246w, https:\/\/corporacionminera.cl\/wp-content\/uploads\/2025\/09\/PNG-impresion-1-841x1024.png 841w, https:\/\/corporacionminera.cl\/wp-content\/uploads\/2025\/09\/PNG-impresion-1-768x935.png 768w\" sizes=\"(max-width: 1049px) 100vw, 1049px\" \/>\n                      <div class=\"h-image__frame h-hide-lg h-hide-md h-hide-sm style-458-frameImage style-local-151-c14-frameImage\"><\/div>\n                    <\/div>\n                  <\/div>\n                <\/div>\n              <\/div>\n            <\/div>\n          <\/div>\n        <\/div>\n      <\/div>\n      <div data-colibri-id=\"151-c15\" class=\"h-row-container gutters-row-lg-2 gutters-row-md-2 gutters-row-0 gutters-row-v-lg-2 gutters-row-v-md-2 gutters-row-v-2 style-206 style-local-151-c15 position-relative\">\n        <!---->\n        <div class=\"h-row justify-content-lg-center justify-content-md-center justify-content-center align-items-lg-stretch align-items-md-stretch align-items-stretch gutters-col-lg-2 gutters-col-md-2 gutters-col-0 gutters-col-v-lg-2 gutters-col-v-md-2 gutters-col-v-2\">\n          <!---->\n          <div class=\"h-column h-column-container d-flex h-col-lg-auto h-col-md-auto h-col-auto style-207-outer style-local-151-c16-outer\">\n            <div data-colibri-id=\"151-c16\" class=\"d-flex h-flex-basis h-column__inner h-px-lg-2 h-px-md-2 h-px-2 v-inner-lg-2 v-inner-md-2 v-inner-2 style-207 style-local-151-c16 position-relative\">\n              <!---->\n              <!---->\n              <div class=\"w-100 h-y-container h-column__content h-column__v-align flex-basis-100 align-self-lg-start align-self-md-start align-self-start\">\n                <!---->\n                <div data-colibri-id=\"151-c17\" class=\"h-text h-text-component style-327 style-local-151-c17 position-relative h-element\">\n                  <!---->\n                  <!---->\n                  <div class=\"\">\n                    <p>El Instituto Bicentenario Egidio Rossi, inicia su funcionamiento el 1\u00ba de septiembre 1943, como Escuela de Artesanos. Para posteriormente pasar por sucesivos&nbsp;cambios que permitieron lograr una adaptaci\u00f3n a los requerimientos educacionales&nbsp;y\n                      del sector productivo nacional.<\/p>\n                    <p>Entre los cambios m\u00e1s destacados se pueden mencionar el ascenso decategor\u00eda de escuela de 2\u00aa clase a escuela de 1\u00aa clase en 1960, posteriormente sefusion\u00f3 con la escuela t\u00e9cnica en 1977 y en el a\u00f1o 1986 se entrega laadministraci\u00f3n\n                      de nuestro establecimiento a un organismo privado.<\/p>\n                    <p>La adaptaci\u00f3n permanente del instituto permiti\u00f3 dar respuesta a losrequerimientos de nuestra comunidad educativa, la creaci\u00f3n y la mejora continuade nuestras especialidades lograron cimentar un prestigio a nivel local, regional y nacional,\n                      permitiendo que nuestros egresados fueran y sigan siendo un granaporte al desarrollo educacional e industrial de nuestro pa\u00eds.<\/p>\n                    <p>Producto de las pol\u00edticas educativas de descentralizaci\u00f3n, nuestro Instituto pasa a ser administrado por una Corporaci\u00f3n Privada denominada CORPRIDE en 1986.<\/p>\n                    <p>Esta nueva administraci\u00f3n logr\u00f3 el reconocimiento del Proyecto Educativo de nuestra instituci\u00f3n, la tarea la realiza su primer Director Don Egidio Rozzi&nbsp;Sachetti, para lo cual realiza gestiones ante el Ministerio de Educaci\u00f3n,\n                      con el prop\u00f3sito de que nuestro Establecimiento se denominara \u201cLiceo Polit\u00e9cnico Egidio Rozzi Sachetti\u201d, tr\u00e1mite que obtiene su aprobaci\u00f3n y se oficializa a trav\u00e9s del Decreto N\u00ba 283 del 09 de octubre de 1986.<\/p>\n                    <p>Desde 2009 el establecimiento cuenta con una nueva administraci\u00f3n acargo de la Corporaci\u00f3n de Capacitaci\u00f3n Industrial y Miner\u00eda. Posteriormente y previo diagn\u00f3stico de nuestra realidad administrativa y curricular, se inicia una&nbsp;nueva\n                      etapa que imprime una mayor capacidad de respuesta por parte delEstablecimiento a los requerimientos internos y externos.<\/p>\n                    <p>Durante el transcurso de los \u00faltimos a\u00f1os, esto se ha traducido enimportantes logros, tanto en lo T\u00e9cnico Pedag\u00f3gico, como en loAdministrativo; lo que ha favorecido directamente a nuestros estudiantes&nbsp;y funcionarios.<\/p>\n                    <p>\n                      <br>\n                    <\/p>\n                  <\/div>\n                <\/div>\n              <\/div>\n            <\/div>\n          <\/div>\n          <div class=\"h-column h-column-container d-flex h-col-lg-auto h-col-md-auto h-col-auto style-459-outer style-local-151-c18-outer\">\n            <div data-colibri-id=\"151-c18\" class=\"d-flex h-flex-basis h-column__inner h-ui-empty-state-container h-px-lg-2 h-px-md-2 h-px-2 v-inner-lg-2 v-inner-md-2 v-inner-2 style-459 style-local-151-c18 position-relative\">\n              <!---->\n              <!---->\n              <div class=\"w-100 h-y-container h-column__content h-column__v-align flex-basis-100\">\n                <!---->\n              <\/div>\n            <\/div>\n          <\/div>\n          <div class=\"h-column h-column-container d-flex h-col-lg-auto h-col-md-auto h-col-auto style-208-outer style-local-151-c19-outer\">\n            <div data-colibri-id=\"151-c19\" class=\"d-flex h-flex-basis h-column__inner h-px-lg-2 h-px-md-2 h-px-2 v-inner-lg-2 v-inner-md-2 v-inner-2 style-208 style-local-151-c19 position-relative\">\n              <!---->\n              <!---->\n              <div class=\"w-100 h-y-container h-column__content h-column__v-align flex-basis-100 align-self-lg-start align-self-md-start align-self-start\">\n                <!---->\n                <div data-colibri-id=\"151-c20\" class=\"h-text h-text-component style-210 style-local-151-c20 position-relative h-element\">\n                  <!---->\n                  <!---->\n                  <div class=\"\">\n                    <p>Remont\u00e1ndonos en el tiempo, recordamos el inicio del actual Liceo \u201cIgnacio Domeyko\u201d su ubicaci\u00f3n era en el Paradero 35 de Gran Avenida, siendo el Ala de mantenimiento de la Fuerza A\u00e9rea de Chile, como Escuela de Especialidad de la\n                      Aviaci\u00f3n y siendo su nombre oficial \u201cEscuela Experimental de Aprendices de Mec\u00e1nica de Aviaci\u00f3n\u201d<\/p>\n                    <p>En 1962 ya habiendo cese de funcionamiento como Escuela de Mec\u00e1nica de aviones pero siempre con el horizonte de formar profesionales de alto nivel t\u00e9cnico se crea seg\u00fan el decreto N\u00ba1030 la Escuela Industrial N\u00ba3<\/p>\n                    <p>En Enero 1964 la Escuela Industrial N\u00ba3 se traslada a D\u00e1vila N\u00ba760<\/p>\n                    <p>En Junio de 1965 llega por fin y con estabilidad a su actual direcci\u00f3n Ju\u00e1rez Larga N\u00ba 760<\/p>\n                    <p>Lugar donde funcionaban las antiguas caballerizas del regimiento Buin.<\/p>\n                    <p>En 1979 se pasa a llamarse Liceo Industrial B N\u00ba21 luego vino la modificaci\u00f3n a la letra ya que por error se le hab\u00eda asignado la letra B cuando correspond\u00eda ser A<\/p>\n                    <p>Avanzan los a\u00f1os y en 1987 la Administraci\u00f3n del Liceo se privatiza, la primera administraci\u00f3n fue de la Corporaci\u00f3n Privada de Educaci\u00f3n Industrial (1982 \u2013 1987)<\/p>\n                    <p>En 1988 un grupo de ex alumnos de la Escuela de Minas de la Serena formaba una Corporaci\u00f3n sin fines de lucro, mediante Decreto N\u00ba1275 del Ministerio de Justicia, cuyo objetivo principal es el colaborar al desarrollo del pa\u00eds mediante\n                      la preparaci\u00f3n de personal altamente calificado. Es as\u00ed que el Ministerio de Educaci\u00f3n P\u00fablica, autoriza a la Corporaci\u00f3n para la administraci\u00f3n del entonces Liceo Industrial A-21, el que se pasar\u00eda a llamarse Liceo Industrial y\n                      de Minas \u00abIgnacio Domeyko\u00bb, bajo el amparo del Decreto N\u00ba3166 de 1980, y en homenaje al ilustre sabio y cient\u00edfico Polaco Don Ignacio Domeyko Ancuta, quien fuera uno de los grande impulsores del desarrollo de la industria Minera\n                      y fundador de la Escuela Minera de la Serena.<\/p>\n                    <p>\n                      <br>\n                    <\/p>\n                  <\/div>\n                <\/div>\n              <\/div>\n            <\/div>\n          <\/div>\n        <\/div>\n      <\/div>\n      <div data-colibri-id=\"151-c21\" class=\"h-row-container gutters-row-lg-2 gutters-row-md-2 gutters-row-0 gutters-row-v-lg-2 gutters-row-v-md-2 gutters-row-v-2 style-447 style-local-151-c21 position-relative\">\n        <!---->\n        <div class=\"h-row justify-content-lg-center justify-content-md-center justify-content-center align-items-lg-stretch align-items-md-stretch align-items-stretch gutters-col-lg-2 gutters-col-md-2 gutters-col-0 gutters-col-v-lg-2 gutters-col-v-md-2 gutters-col-v-2\">\n          <!---->\n          <div class=\"h-column h-column-container d-flex h-col-lg-auto h-col-md-auto h-col-auto style-448-outer style-local-151-c22-outer\">\n            <div data-colibri-id=\"151-c22\" class=\"d-flex h-flex-basis h-column__inner h-px-lg-2 h-px-md-2 h-px-2 v-inner-lg-2 v-inner-md-2 v-inner-2 style-448 style-local-151-c22 position-relative\">\n              <!---->\n              <!---->\n              <div class=\"w-100 h-y-container h-column__content h-column__v-align flex-basis-100 align-self-lg-start align-self-md-start align-self-start\">\n                <!---->\n                <div data-colibri-id=\"151-c23\" class=\"h-divider style-446 style-local-151-c23 position-relative h-element\">\n                  <!----><span class=\"h-divider__line style-446-line style-local-151-c23-line style-446-line style-local-151-c23-line\"><\/span> <span class=\"h-svg-icon h-divider__icon style-446-icon style-local-151-c23-icon\"><!--Icon by Font Awesome (https:\/\/fontawesome.com)-->\n    <svg version=\"1.1\" xmlns=\"http:\/\/www.w3.org\/2000\/svg\" xmlns:xlink=\"http:\/\/www.w3.org\/1999\/xlink\" id=\"star\" viewBox=\"0 0 1664 1896.0833\">\n      <path d=\"M1664 647q0 22-26 48l-363 354 86 500q1 7 1 20 0 21-10.5 35.5T1321 1619q-19 0-40-12l-449-236-449 236q-22 12-40 12-21 0-31.5-14.5T301 1569q0-6 2-20l86-500L25 695Q0 668 0 647q0-37 56-46l502-73L783 73q19-41 49-41t49 41l225 455 502 73q56 9 56 46z\"><\/path>\n    <\/svg><\/span> <span class=\"h-divider__line style-446-line style-local-151-c23-line style-446-line style-local-151-c23-line\"><\/span><\/div>\n              <\/div>\n            <\/div>\n          <\/div>\n        <\/div>\n      <\/div>\n      <div data-colibri-id=\"151-c24\" class=\"h-row-container gutters-row-lg-2 gutters-row-md-2 gutters-row-0 gutters-row-v-lg-2 gutters-row-v-md-2 gutters-row-v-2 style-442 style-local-151-c24 position-relative\">\n        <!---->\n        <div class=\"h-row justify-content-lg-center justify-content-md-center justify-content-center align-items-lg-stretch align-items-md-stretch align-items-stretch gutters-col-lg-2 gutters-col-md-2 gutters-col-0 gutters-col-v-lg-2 gutters-col-v-md-2 gutters-col-v-2\">\n          <!---->\n          <div class=\"h-column h-column-container d-flex h-col-lg-auto h-col-md-auto h-col-auto style-443-outer style-local-151-c25-outer\">\n            <div data-colibri-id=\"151-c25\" class=\"d-flex h-flex-basis h-column__inner h-px-lg-2 h-px-md-2 h-px-2 v-inner-lg-2 v-inner-md-2 v-inner-2 style-443 style-local-151-c25 position-relative\">\n              <!---->\n              <!---->\n              <div class=\"w-100 h-y-container h-column__content h-column__v-align flex-basis-100 align-self-lg-start align-self-md-start align-self-start\">\n                <!---->\n                <div data-colibri-id=\"151-c26\" class=\"style-444 style-local-151-c26 position-relative h-element\">\n                  <!---->\n                <\/div>\n              <\/div>\n            <\/div>\n          <\/div>\n        <\/div>\n      <\/div>\n    <\/div>\n  <\/div>\n<\/div>","protected":false},"excerpt":{"rendered":"<p>La Corporaci\u00f3n de Capacitaci\u00f3n y Educaci\u00f3n Industrial y Minera (CCEIM) es una instituci\u00f3n chilena sin fines de lucro dedicada a la formaci\u00f3n t\u00e9cnica y profesional en las \u00e1reas industrial y minera. Su origen se remonta a 1988, cuando un grupo de exalumnos de la Escuela de Minas de La Serena fund\u00f3 la corporaci\u00f3n para responder [&hellip;]<\/p>\n","protected":false},"author":1,"featured_media":0,"parent":0,"menu_order":0,"comment_status":"closed","ping_status":"closed","template":"page-templates\/full-width-page.php","meta":{"footnotes":""},"class_list":["post-151","page","type-page","status-publish","hentry"],"_links":{"self":[{"href":"https:\/\/corporacionminera.cl\/index.php\/wp-json\/wp\/v2\/pages\/151","targetHints":{"allow":["GET"]}}],"collection":[{"href":"https:\/\/corporacionminera.cl\/index.php\/wp-json\/wp\/v2\/pages"}],"about":[{"href":"https:\/\/corporacionminera.cl\/index.php\/wp-json\/wp\/v2\/types\/page"}],"author":[{"embeddable":true,"href":"https:\/\/corporacionminera.cl\/index.php\/wp-json\/wp\/v2\/users\/1"}],"replies":[{"embeddable":true,"href":"https:\/\/corporacionminera.cl\/index.php\/wp-json\/wp\/v2\/comments?post=151"}],"version-history":[{"count":21,"href":"https:\/\/corporacionminera.cl\/index.php\/wp-json\/wp\/v2\/pages\/151\/revisions"}],"predecessor-version":[{"id":994,"href":"https:\/\/corporacionminera.cl\/index.php\/wp-json\/wp\/v2\/pages\/151\/revisions\/994"}],"wp:attachment":[{"href":"https:\/\/corporacionminera.cl\/index.php\/wp-json\/wp\/v2\/media?parent=151"}],"curies":[{"name":"wp","href":"https:\/\/api.w.org\/{rel}","templated":true}]}}