{"id":146,"date":"2016-03-07T14:52:49","date_gmt":"2016-03-07T14:52:49","guid":{"rendered":"http:\/\/localhost\/?page_id=146"},"modified":"2025-10-07T00:13:34","modified_gmt":"2025-10-07T00:13:34","slug":"objetivos","status":"publish","type":"page","link":"https:\/\/corporacionminera.cl\/index.php\/objetivos\/","title":{"rendered":"Objetivos"},"content":{"rendered":"<div data-colibri-id=\"146-c1\" class=\"style-340 style-local-146-c1 position-relative\">\n  <!---->\n  <div data-colibri-component=\"section\" data-colibri-id=\"146-c2\" id=\"custom\" class=\"h-section h-section-global-spacing d-flex align-items-lg-center align-items-md-center align-items-center style-489 style-local-146-c2 position-relative\">\n    <!---->\n    <!---->\n    <div class=\"h-section-grid-container h-section-boxed-container\">\n      <!---->\n      <div data-colibri-id=\"146-c3\" class=\"h-row-container gutters-row-lg-2 gutters-row-md-2 gutters-row-0 gutters-row-v-lg-2 gutters-row-v-md-2 gutters-row-v-2 style-490 style-local-146-c3 position-relative\">\n        <!---->\n        <div class=\"h-row justify-content-lg-center justify-content-md-center justify-content-center align-items-lg-stretch align-items-md-stretch align-items-stretch gutters-col-lg-2 gutters-col-md-2 gutters-col-0 gutters-col-v-lg-2 gutters-col-v-md-2 gutters-col-v-2\">\n          <!---->\n          <div class=\"h-column h-column-container d-flex h-col-lg-auto h-col-md-auto h-col-auto style-491-outer style-local-146-c4-outer\">\n            <div data-colibri-id=\"146-c4\" class=\"d-flex h-flex-basis h-column__inner h-px-lg-2 h-px-md-2 h-px-2 v-inner-lg-2 v-inner-md-2 v-inner-2 style-491 style-local-146-c4 position-relative\">\n              <!---->\n              <!---->\n              <div class=\"w-100 h-y-container h-column__content h-column__v-align flex-basis-100 align-self-lg-start align-self-md-start align-self-start\">\n                <!---->\n                <div data-colibri-id=\"146-c5\" class=\"h-lead h-text h-text-component style-492 style-local-146-c5 position-relative h-element\">\n                  <!---->\n                  <!---->\n                  <div class=\"\">\n                    <p>Objetivos<\/p>\n                  <\/div>\n                <\/div>\n              <\/div>\n            <\/div>\n          <\/div>\n        <\/div>\n      <\/div>\n    <\/div>\n  <\/div>\n  <div data-colibri-component=\"section\" data-colibri-id=\"146-c6\" id=\"custom-2\" class=\"h-section h-section-global-spacing d-flex align-items-lg-center align-items-md-center align-items-center style-493 style-local-146-c6 position-relative\">\n    <!---->\n    <div class=\"h-separator\" style=\"height: 300px; top: calc(-1px);\">\n      <svg style=\"fill:#03a9f4;\" xmlns=\"http:\/\/www.w3.org\/2000\/svg\" viewBox=\"0 0 423.98 306.76\" preserveAspectRatio=\"xMaxYMin meet\">\n        <path d=\"M424,0V306.76C373.23,145.82,244.5,0,0,0Z\" transform=\"translate(0)\"><\/path>\n      <\/svg>\n    <\/div>\n    <div class=\"h-section-grid-container h-section-boxed-container\">\n      <!---->\n      <div data-colibri-id=\"146-c7\" class=\"h-row-container gutters-row-lg-2 gutters-row-md-2 gutters-row-0 gutters-row-v-lg-2 gutters-row-v-md-2 gutters-row-v-2 style-494 style-local-146-c7 position-relative\">\n        <!---->\n        <div class=\"h-row justify-content-lg-center justify-content-md-center justify-content-center align-items-lg-stretch align-items-md-stretch align-items-stretch gutters-col-lg-2 gutters-col-md-2 gutters-col-0 gutters-col-v-lg-2 gutters-col-v-md-2 gutters-col-v-2\">\n          <!---->\n          <div class=\"h-column h-column-container d-flex h-col-lg-auto h-col-md-auto h-col-auto style-495-outer style-local-146-c8-outer\">\n            <div data-colibri-id=\"146-c8\" class=\"d-flex h-flex-basis h-column__inner h-px-lg-2 h-px-md-2 h-px-2 v-inner-lg-2 v-inner-md-2 v-inner-2 style-495 style-local-146-c8 position-relative\">\n              <!---->\n              <!---->\n              <div class=\"w-100 h-y-container h-column__content h-column__v-align flex-basis-100 align-self-lg-start align-self-md-start align-self-start\">\n                <!---->\n                <div data-colibri-id=\"146-c9\" class=\"h-text h-text-component style-496 style-local-146-c9 position-relative h-element\">\n                  <!---->\n                  <!---->\n                  <div class=\"\">\n                    <ul>\n                      <li>Mejorar el SIMCE de 2\u00b0 medio en nuestros establecimientos, logrando el promedio nacional para el Segmento Socio Econ\u00f3mico en 2 a\u00f1os y superarlo en 4 a\u00f1os.<\/li>\n                      <li>Mejorar los \u00edndices de educaci\u00f3n de los establecimientos<\/li>\n                      <li>Obtener excelencia acad\u00e9mica&nbsp;y mejor empleabilidad.<\/li>\n                      <li>Optimizar los recursos para mejora de nuestros establecimientos en el \u00e1rea pedag\u00f3gica y de gesti\u00f3n.<\/li>\n                      <li>Potenciar la carrera docente dando oportunidades de desarrollo profesional a todos los funcionarios.<\/li>\n                      <li>Establecer un plan de acompa\u00f1amiento docente de acuerdo a lo establecido en el MBE (Marco de la Buena Ense\u00f1anza) y la nueva carrera docente en el plazo de dos a\u00f1os.<\/li>\n                    <\/ul>\n                    <p>\n                      <br>\n                    <\/p>\n                  <\/div>\n                <\/div>\n              <\/div>\n            <\/div>\n          <\/div>\n        <\/div>\n      <\/div>\n    <\/div>\n  <\/div>\n<\/div>","protected":false},"excerpt":{"rendered":"<p>Objetivos Mejorar el SIMCE de 2\u00b0 medio en nuestros establecimientos, logrando el promedio nacional para el Segmento Socio Econ\u00f3mico en 2 a\u00f1os y superarlo en 4 a\u00f1os. Mejorar los \u00edndices de educaci\u00f3n de los establecimientos Obtener excelencia acad\u00e9mica&nbsp;y mejor empleabilidad. Optimizar los recursos para mejora de nuestros establecimientos en el \u00e1rea pedag\u00f3gica y de gesti\u00f3n. [&hellip;]<\/p>\n","protected":false},"author":1,"featured_media":0,"parent":0,"menu_order":0,"comment_status":"closed","ping_status":"closed","template":"page-templates\/full-width-page.php","meta":{"footnotes":""},"class_list":["post-146","page","type-page","status-publish","hentry"],"_links":{"self":[{"href":"https:\/\/corporacionminera.cl\/index.php\/wp-json\/wp\/v2\/pages\/146","targetHints":{"allow":["GET"]}}],"collection":[{"href":"https:\/\/corporacionminera.cl\/index.php\/wp-json\/wp\/v2\/pages"}],"about":[{"href":"https:\/\/corporacionminera.cl\/index.php\/wp-json\/wp\/v2\/types\/page"}],"author":[{"embeddable":true,"href":"https:\/\/corporacionminera.cl\/index.php\/wp-json\/wp\/v2\/users\/1"}],"replies":[{"embeddable":true,"href":"https:\/\/corporacionminera.cl\/index.php\/wp-json\/wp\/v2\/comments?post=146"}],"version-history":[{"count":16,"href":"https:\/\/corporacionminera.cl\/index.php\/wp-json\/wp\/v2\/pages\/146\/revisions"}],"predecessor-version":[{"id":1103,"href":"https:\/\/corporacionminera.cl\/index.php\/wp-json\/wp\/v2\/pages\/146\/revisions\/1103"}],"wp:attachment":[{"href":"https:\/\/corporacionminera.cl\/index.php\/wp-json\/wp\/v2\/media?parent=146"}],"curies":[{"name":"wp","href":"https:\/\/api.w.org\/{rel}","templated":true}]}}