{"id":142,"date":"2016-03-07T14:46:31","date_gmt":"2016-03-07T14:46:31","guid":{"rendered":"http:\/\/localhost\/?page_id=142"},"modified":"2025-10-04T21:40:25","modified_gmt":"2025-10-04T21:40:25","slug":"mision-vision","status":"publish","type":"page","link":"https:\/\/corporacionminera.cl\/index.php\/mision-vision\/","title":{"rendered":"Misi\u00f3n &#038; Visi\u00f3n"},"content":{"rendered":"<div data-colibri-id=\"142-c1\" class=\"style-332 style-local-142-c1 position-relative\">\n  <!---->\n  <div data-colibri-component=\"section\" data-colibri-id=\"142-c2\" id=\"initial-content\" class=\"h-section h-section-global-spacing d-flex align-items-lg-center align-items-md-center align-items-center style-333 style-local-142-c2 position-relative\">\n    <!---->\n    <!---->\n    <div class=\"h-section-grid-container h-section-boxed-container\">\n      <!---->\n      <div data-colibri-id=\"142-c3\" class=\"h-row-container gutters-row-lg-2 gutters-row-md-2 gutters-row-0 gutters-row-v-lg-2 gutters-row-v-md-2 gutters-row-v-2 style-334 style-local-142-c3 position-relative\">\n        <!---->\n        <div class=\"h-row justify-content-lg-center justify-content-md-center justify-content-center align-items-lg-stretch align-items-md-stretch align-items-stretch gutters-col-lg-2 gutters-col-md-2 gutters-col-0 gutters-col-v-lg-2 gutters-col-v-md-2 gutters-col-v-2\">\n          <!---->\n          <div class=\"h-column h-column-container d-flex h-col-lg-auto h-col-md-auto h-col-auto style-337-outer style-local-142-c4-outer\">\n            <div data-colibri-id=\"142-c4\" class=\"d-flex h-flex-basis h-column__inner h-px-lg-2 h-px-md-2 h-px-2 v-inner-lg-2 v-inner-md-2 v-inner-2 style-337 style-local-142-c4 position-relative\">\n              <!---->\n              <!---->\n              <div class=\"w-100 h-y-container h-column__content h-column__v-align flex-basis-100 align-self-lg-start align-self-md-start align-self-start\">\n                <!---->\n                <div data-colibri-id=\"142-c5\" class=\"h-text h-text-component style-339 style-local-142-c5 position-relative h-element\">\n                  <!---->\n                  <!---->\n                  <div class=\"\">\n                    <h2>Misi\u00f3n:<\/h2>\n                    <p><span style=\"color: rgb(70, 112, 127); font-family: &quot;Open Sans&quot;; font-size: 16px; font-weight: 400;\">Somos una corporaci\u00f3n que promueve el desarrollo de procesos educativos cumpliendo con est\u00e1ndares establecidos por el Ministerio de Educaci\u00f3n considerando el desarrollo integral del individuo y acorde con las necesidades del entorno laboral.<\/span><\/p>\n                    <p>\n                      <br>\n                    <\/p>\n                    <h2>Visi\u00f3n:<\/h2>\n                    <p><span style=\"color: rgb(70, 112, 127); font-family: &quot;Open Sans&quot;; font-size: 16px; font-weight: 400;\">Ser una Corporaci\u00f3n Educacional que se desempe\u00f1a dentro de los m\u00e1s altos est\u00e1ndares de gesti\u00f3n para formar a trav\u00e9s de sus establecimientos educacionales, personas integras&nbsp;y \u00fatiles a su comunidad, la sociedad y el pa\u00eds.<\/span><\/p>\n                  <\/div>\n                <\/div>\n              <\/div>\n            <\/div>\n          <\/div>\n        <\/div>\n      <\/div>\n    <\/div>\n  <\/div>\n<\/div>","protected":false},"excerpt":{"rendered":"<p>Misi\u00f3n: Somos una corporaci\u00f3n que promueve el desarrollo de procesos educativos cumpliendo con est\u00e1ndares establecidos por el Ministerio de Educaci\u00f3n considerando el desarrollo integral del individuo y acorde con las necesidades del entorno laboral. Visi\u00f3n: Ser una Corporaci\u00f3n Educacional que se desempe\u00f1a dentro de los m\u00e1s altos est\u00e1ndares de gesti\u00f3n para formar a trav\u00e9s de [&hellip;]<\/p>\n","protected":false},"author":1,"featured_media":0,"parent":0,"menu_order":0,"comment_status":"closed","ping_status":"closed","template":"page-templates\/full-width-page.php","meta":{"footnotes":""},"class_list":["post-142","page","type-page","status-publish","hentry"],"_links":{"self":[{"href":"https:\/\/corporacionminera.cl\/index.php\/wp-json\/wp\/v2\/pages\/142","targetHints":{"allow":["GET"]}}],"collection":[{"href":"https:\/\/corporacionminera.cl\/index.php\/wp-json\/wp\/v2\/pages"}],"about":[{"href":"https:\/\/corporacionminera.cl\/index.php\/wp-json\/wp\/v2\/types\/page"}],"author":[{"embeddable":true,"href":"https:\/\/corporacionminera.cl\/index.php\/wp-json\/wp\/v2\/users\/1"}],"replies":[{"embeddable":true,"href":"https:\/\/corporacionminera.cl\/index.php\/wp-json\/wp\/v2\/comments?post=142"}],"version-history":[{"count":14,"href":"https:\/\/corporacionminera.cl\/index.php\/wp-json\/wp\/v2\/pages\/142\/revisions"}],"predecessor-version":[{"id":814,"href":"https:\/\/corporacionminera.cl\/index.php\/wp-json\/wp\/v2\/pages\/142\/revisions\/814"}],"wp:attachment":[{"href":"https:\/\/corporacionminera.cl\/index.php\/wp-json\/wp\/v2\/media?parent=142"}],"curies":[{"name":"wp","href":"https:\/\/api.w.org\/{rel}","templated":true}]}}